{"id":226342,"date":"2020-10-23T12:15:36","date_gmt":"2020-10-23T10:15:36","guid":{"rendered":"https:\/\/www.labcaffe.com\/caffe-dorcaf"},"modified":"2024-05-14T17:53:16","modified_gmt":"2024-05-14T15:53:16","slug":"caffe-dorcaf","status":"publish","type":"page","link":"https:\/\/www.labcaffe.com\/en\/our-brands\/caffe-dorcaf","title":{"rendered":"caff\u00e8 dorcaf"},"content":{"rendered":"<p>[et_pb_section fb_built=&#8221;1&#8243; _builder_version=&#8221;4.21.0&#8243; _module_preset=&#8221;default&#8221; global_colors_info=&#8221;{}&#8221;][et_pb_row _builder_version=&#8221;4.21.0&#8243; _module_preset=&#8221;default&#8221; custom_margin=&#8221;||||false|false&#8221; custom_padding=&#8221;||||false|false&#8221; border_color_top=&#8221;#eaeaea&#8221; border_color_bottom=&#8221;#eaeaea&#8221; global_colors_info=&#8221;{}&#8221;][et_pb_column type=&#8221;4_4&#8243; _builder_version=&#8221;4.21.0&#8243; _module_preset=&#8221;default&#8221; global_colors_info=&#8221;{}&#8221;][et_pb_text _builder_version=&#8221;4.21.2&#8243; _module_preset=&#8221;default&#8221; header_3_font_size=&#8221;19px&#8221; text_orientation=&#8221;justified&#8221; hover_enabled=&#8221;0&#8243; global_colors_info=&#8221;{}&#8221; sticky_enabled=&#8221;0&#8243;]<\/p>\n<p>Terzo marchio nato in casa Gioia nel 1999 \u00e8 stato &#8220;Dorcaf&#8221;, anch\u2019esso con tre linee di prodotti Bar, Famiglia e Distribuzione automatica.<\/p>\n<p>[\/et_pb_text][\/et_pb_column][\/et_pb_row][\/et_pb_section]<\/p>\n","protected":false},"excerpt":{"rendered":"<p>Terzo marchio nato in casa Gioia nel 1999 \u00e8 stato &#8220;Dorcaf&#8221;, anch\u2019esso con tre linee di prodotti Bar, Famiglia e Distribuzione automatica.<\/p>\n","protected":false},"author":52,"featured_media":0,"parent":226345,"menu_order":2,"comment_status":"closed","ping_status":"closed","template":"","meta":{"_et_pb_use_builder":"on","_et_pb_old_content":"","_et_gb_content_width":"","footnotes":""},"class_list":["post-226342","page","type-page","status-publish","hentry"],"yoast_head":"<!-- This site is optimized with the Yoast SEO plugin v27.4 - https:\/\/yoast.com\/product\/yoast-seo-wordpress\/ -->\n<title>caff\u00e8 dorcaf - Labcaff\u00e8 - Caff\u00e8 Gioia<\/title>\n<meta name=\"robots\" content=\"index, follow, max-snippet:-1, max-image-preview:large, max-video-preview:-1\" \/>\n<link rel=\"canonical\" href=\"https:\/\/www.labcaffe.com\/en\/our-brands\/caffe-dorcaf\" \/>\n<meta property=\"og:locale\" content=\"en_US\" \/>\n<meta property=\"og:type\" content=\"article\" \/>\n<meta property=\"og:title\" content=\"caff\u00e8 dorcaf - Labcaff\u00e8 - Caff\u00e8 Gioia\" \/>\n<meta property=\"og:description\" content=\"Terzo marchio nato in casa Gioia nel 1999 \u00e8 stato &quot;Dorcaf&quot;, anch\u2019esso con tre linee di prodotti Bar, Famiglia e Distribuzione automatica.\" \/>\n<meta property=\"og:url\" content=\"https:\/\/www.labcaffe.com\/en\/our-brands\/caffe-dorcaf\" \/>\n<meta property=\"og:site_name\" content=\"Labcaff\u00e8 - Caff\u00e8 Gioia\" \/>\n<meta property=\"article:modified_time\" content=\"2024-05-14T15:53:16+00:00\" \/>\n<meta name=\"twitter:card\" content=\"summary_large_image\" \/>\n<meta name=\"twitter:label1\" content=\"Est. reading time\" \/>\n\t<meta name=\"twitter:data1\" content=\"1 minute\" \/>\n<script type=\"application\/ld+json\" class=\"yoast-schema-graph\">{\"@context\":\"https:\\\/\\\/schema.org\",\"@graph\":[{\"@type\":\"WebPage\",\"@id\":\"https:\\\/\\\/www.labcaffe.com\\\/en\\\/our-brands\\\/caffe-dorcaf\",\"url\":\"https:\\\/\\\/www.labcaffe.com\\\/en\\\/our-brands\\\/caffe-dorcaf\",\"name\":\"caff\u00e8 dorcaf - Labcaff\u00e8 - Caff\u00e8 Gioia\",\"isPartOf\":{\"@id\":\"https:\\\/\\\/www.labcaffe.com\\\/en#website\"},\"datePublished\":\"2020-10-23T10:15:36+00:00\",\"dateModified\":\"2024-05-14T15:53:16+00:00\",\"breadcrumb\":{\"@id\":\"https:\\\/\\\/www.labcaffe.com\\\/en\\\/our-brands\\\/caffe-dorcaf#breadcrumb\"},\"inLanguage\":\"en-US\",\"potentialAction\":[{\"@type\":\"ReadAction\",\"target\":[\"https:\\\/\\\/www.labcaffe.com\\\/en\\\/our-brands\\\/caffe-dorcaf\"]}]},{\"@type\":\"BreadcrumbList\",\"@id\":\"https:\\\/\\\/www.labcaffe.com\\\/en\\\/our-brands\\\/caffe-dorcaf#breadcrumb\",\"itemListElement\":[{\"@type\":\"ListItem\",\"position\":1,\"name\":\"Home\",\"item\":\"https:\\\/\\\/www.labcaffe.com\\\/en\"},{\"@type\":\"ListItem\",\"position\":2,\"name\":\"OUR BRANDS\",\"item\":\"https:\\\/\\\/www.labcaffe.com\\\/en\\\/i-marchi\"},{\"@type\":\"ListItem\",\"position\":3,\"name\":\"caff\u00e8 dorcaf\"}]},{\"@type\":\"WebSite\",\"@id\":\"https:\\\/\\\/www.labcaffe.com\\\/en#website\",\"url\":\"https:\\\/\\\/www.labcaffe.com\\\/en\",\"name\":\"Labcaff\u00e8 - Caff\u00e8 Gioia\",\"description\":\"Un nuovo sito targato Euchia\",\"potentialAction\":[{\"@type\":\"SearchAction\",\"target\":{\"@type\":\"EntryPoint\",\"urlTemplate\":\"https:\\\/\\\/www.labcaffe.com\\\/en?s={search_term_string}\"},\"query-input\":{\"@type\":\"PropertyValueSpecification\",\"valueRequired\":true,\"valueName\":\"search_term_string\"}}],\"inLanguage\":\"en-US\"}]}<\/script>\n<!-- \/ Yoast SEO plugin. -->","yoast_head_json":{"title":"caff\u00e8 dorcaf - Labcaff\u00e8 - Caff\u00e8 Gioia","robots":{"index":"index","follow":"follow","max-snippet":"max-snippet:-1","max-image-preview":"max-image-preview:large","max-video-preview":"max-video-preview:-1"},"canonical":"https:\/\/www.labcaffe.com\/en\/our-brands\/caffe-dorcaf","og_locale":"en_US","og_type":"article","og_title":"caff\u00e8 dorcaf - Labcaff\u00e8 - Caff\u00e8 Gioia","og_description":"Terzo marchio nato in casa Gioia nel 1999 \u00e8 stato \"Dorcaf\", anch\u2019esso con tre linee di prodotti Bar, Famiglia e Distribuzione automatica.","og_url":"https:\/\/www.labcaffe.com\/en\/our-brands\/caffe-dorcaf","og_site_name":"Labcaff\u00e8 - Caff\u00e8 Gioia","article_modified_time":"2024-05-14T15:53:16+00:00","twitter_card":"summary_large_image","twitter_misc":{"Est. reading time":"1 minute"},"schema":{"@context":"https:\/\/schema.org","@graph":[{"@type":"WebPage","@id":"https:\/\/www.labcaffe.com\/en\/our-brands\/caffe-dorcaf","url":"https:\/\/www.labcaffe.com\/en\/our-brands\/caffe-dorcaf","name":"caff\u00e8 dorcaf - Labcaff\u00e8 - Caff\u00e8 Gioia","isPartOf":{"@id":"https:\/\/www.labcaffe.com\/en#website"},"datePublished":"2020-10-23T10:15:36+00:00","dateModified":"2024-05-14T15:53:16+00:00","breadcrumb":{"@id":"https:\/\/www.labcaffe.com\/en\/our-brands\/caffe-dorcaf#breadcrumb"},"inLanguage":"en-US","potentialAction":[{"@type":"ReadAction","target":["https:\/\/www.labcaffe.com\/en\/our-brands\/caffe-dorcaf"]}]},{"@type":"BreadcrumbList","@id":"https:\/\/www.labcaffe.com\/en\/our-brands\/caffe-dorcaf#breadcrumb","itemListElement":[{"@type":"ListItem","position":1,"name":"Home","item":"https:\/\/www.labcaffe.com\/en"},{"@type":"ListItem","position":2,"name":"OUR BRANDS","item":"https:\/\/www.labcaffe.com\/en\/i-marchi"},{"@type":"ListItem","position":3,"name":"caff\u00e8 dorcaf"}]},{"@type":"WebSite","@id":"https:\/\/www.labcaffe.com\/en#website","url":"https:\/\/www.labcaffe.com\/en","name":"Labcaff\u00e8 - Caff\u00e8 Gioia","description":"Un nuovo sito targato Euchia","potentialAction":[{"@type":"SearchAction","target":{"@type":"EntryPoint","urlTemplate":"https:\/\/www.labcaffe.com\/en?s={search_term_string}"},"query-input":{"@type":"PropertyValueSpecification","valueRequired":true,"valueName":"search_term_string"}}],"inLanguage":"en-US"}]}},"_links":{"self":[{"href":"https:\/\/www.labcaffe.com\/en\/wp-json\/wp\/v2\/pages\/226342","targetHints":{"allow":["GET"]}}],"collection":[{"href":"https:\/\/www.labcaffe.com\/en\/wp-json\/wp\/v2\/pages"}],"about":[{"href":"https:\/\/www.labcaffe.com\/en\/wp-json\/wp\/v2\/types\/page"}],"author":[{"embeddable":true,"href":"https:\/\/www.labcaffe.com\/en\/wp-json\/wp\/v2\/users\/52"}],"replies":[{"embeddable":true,"href":"https:\/\/www.labcaffe.com\/en\/wp-json\/wp\/v2\/comments?post=226342"}],"version-history":[{"count":1,"href":"https:\/\/www.labcaffe.com\/en\/wp-json\/wp\/v2\/pages\/226342\/revisions"}],"predecessor-version":[{"id":226344,"href":"https:\/\/www.labcaffe.com\/en\/wp-json\/wp\/v2\/pages\/226342\/revisions\/226344"}],"up":[{"embeddable":true,"href":"https:\/\/www.labcaffe.com\/en\/wp-json\/wp\/v2\/pages\/226345"}],"wp:attachment":[{"href":"https:\/\/www.labcaffe.com\/en\/wp-json\/wp\/v2\/media?parent=226342"}],"curies":[{"name":"wp","href":"https:\/\/api.w.org\/{rel}","templated":true}]}}