{"id":226368,"date":"2020-10-23T12:15:36","date_gmt":"2020-10-23T10:15:36","guid":{"rendered":"https:\/\/www.labcaffe.com\/download"},"modified":"2023-10-31T11:30:23","modified_gmt":"2023-10-31T10:30:23","slug":"download","status":"publish","type":"page","link":"https:\/\/www.labcaffe.com\/en\/download","title":{"rendered":"download"},"content":{"rendered":"<p>[et_pb_section fb_built=&#8221;1&#8243; _builder_version=&#8221;4.21.0&#8243; _module_preset=&#8221;default&#8221; global_colors_info=&#8221;{}&#8221;][et_pb_row column_structure=&#8221;1_3,1_3,1_3&#8243; _builder_version=&#8221;4.21.2&#8243; _module_preset=&#8221;default&#8221; custom_margin=&#8221;||||false|false&#8221; custom_padding=&#8221;||||false|false&#8221; border_color_top=&#8221;#eaeaea&#8221; border_color_bottom=&#8221;#eaeaea&#8221; global_colors_info=&#8221;{}&#8221;][et_pb_column type=&#8221;1_3&#8243; _builder_version=&#8221;4.21.0&#8243; _module_preset=&#8221;default&#8221; global_colors_info=&#8221;{}&#8221;][et_pb_image src=&#8221;https:\/\/www.labcaffe.com\/wp-content\/uploads\/2023\/08\/caffe_gioia_linea_horeca_e_gdo.jpg&#8221; title_text=&#8221;caffe_gioia_linea_horeca_e_gdo&#8221; _builder_version=&#8221;4.21.2&#8243; _module_preset=&#8221;default&#8221; global_colors_info=&#8221;{}&#8221; src__hover_enabled=&#8221;on|hover&#8221; src__hover=&#8221;&#8221; box_shadow_horizontal__hover_enabled=&#8221;on|hover&#8221; box_shadow_horizontal__hover=&#8221;&#8221; filter_brightness__hover_enabled=&#8221;on|hover&#8221; filter_brightness__hover=&#8221;30%&#8221;][\/et_pb_image][et_pb_text _builder_version=&#8221;4.21.2&#8243; _module_preset=&#8221;default&#8221; text_text_color=&#8221;#000000&#8243; link_text_color=&#8221;#000000&#8243; text_orientation=&#8221;center&#8221; global_colors_info=&#8221;{}&#8221; text_text_color__hover_enabled=&#8221;on|desktop&#8221; text_text_color__hover=&#8221;#CC3333&#8243; link_text_color__hover_enabled=&#8221;on|hover&#8221; link_text_color__hover=&#8221;#CC3333&#8243;]<\/p>\n<p><a href=\"https:\/\/www.labcaffe.com\/wp-content\/uploads\/2023\/08\/caffe_gioia_linea_horeca_e_gdo.pdf\" target=\"_blank\" rel=\"noopener\">Caff\u00e8 Gioia | Horeca e GDO<\/a><\/p>\n<p>[\/et_pb_text][\/et_pb_column][et_pb_column type=&#8221;1_3&#8243; _builder_version=&#8221;4.21.0&#8243; _module_preset=&#8221;default&#8221; global_colors_info=&#8221;{}&#8221;][et_pb_image src=&#8221;https:\/\/www.labcaffe.com\/wp-content\/uploads\/2023\/08\/caffe_gioia_linea_da.jpg&#8221; title_text=&#8221;caffe_gioia_linea_da&#8221; _builder_version=&#8221;4.21.2&#8243; _module_preset=&#8221;default&#8221; global_colors_info=&#8221;{}&#8221; src__hover_enabled=&#8221;on|hover&#8221; src__hover=&#8221;&#8221; box_shadow_horizontal__hover_enabled=&#8221;on|hover&#8221; box_shadow_horizontal__hover=&#8221;&#8221; filter_brightness__hover_enabled=&#8221;on|hover&#8221; filter_brightness__hover=&#8221;30%&#8221;][\/et_pb_image][et_pb_text _builder_version=&#8221;4.21.2&#8243; _module_preset=&#8221;default&#8221; text_text_color=&#8221;#000000&#8243; link_text_color=&#8221;#000000&#8243; text_orientation=&#8221;center&#8221; global_colors_info=&#8221;{}&#8221; text_text_color__hover_enabled=&#8221;on|desktop&#8221; text_text_color__hover=&#8221;#CC3333&#8243; link_text_color__hover_enabled=&#8221;on|hover&#8221; link_text_color__hover=&#8221;#CC3333&#8243;]<\/p>\n<p><a href=\"https:\/\/www.labcaffe.com\/wp-content\/uploads\/2023\/08\/caffe_gioia_linea_serving.pdf\" target=\"_blank\" rel=\"noopener\">Caff\u00e8 Gioia | Linea Serving<\/a><\/p>\n<p>[\/et_pb_text][\/et_pb_column][et_pb_column type=&#8221;1_3&#8243; _builder_version=&#8221;4.21.0&#8243; _module_preset=&#8221;default&#8221; global_colors_info=&#8221;{}&#8221;][et_pb_image src=&#8221;https:\/\/www.labcaffe.com\/wp-content\/uploads\/2023\/08\/caffe_gioia_linea_bio.jpg&#8221; title_text=&#8221;caffe_gioia_linea_bio&#8221; _builder_version=&#8221;4.21.2&#8243; _module_preset=&#8221;default&#8221; global_colors_info=&#8221;{}&#8221; src__hover_enabled=&#8221;on|hover&#8221; src__hover=&#8221;&#8221; box_shadow_horizontal__hover_enabled=&#8221;on|hover&#8221; box_shadow_horizontal__hover=&#8221;&#8221; filter_brightness__hover_enabled=&#8221;on|hover&#8221; filter_brightness__hover=&#8221;30%&#8221;][\/et_pb_image][et_pb_text _builder_version=&#8221;4.21.2&#8243; _module_preset=&#8221;default&#8221; text_text_color=&#8221;#000000&#8243; link_text_color=&#8221;#000000&#8243; text_orientation=&#8221;center&#8221; global_colors_info=&#8221;{}&#8221; text_text_color__hover_enabled=&#8221;on|desktop&#8221; text_text_color__hover=&#8221;#CC3333&#8243; link_text_color__hover_enabled=&#8221;on|hover&#8221; link_text_color__hover=&#8221;#CC3333&#8243;]Caff\u00e8 Gioia | Bio[\/et_pb_text][\/et_pb_column][\/et_pb_row][et_pb_row column_structure=&#8221;1_3,1_3,1_3&#8243; _builder_version=&#8221;4.21.2&#8243; _module_preset=&#8221;default&#8221; custom_margin=&#8221;||||false|false&#8221; custom_padding=&#8221;||||false|false&#8221; border_color_top=&#8221;#eaeaea&#8221; border_color_bottom=&#8221;#eaeaea&#8221; global_colors_info=&#8221;{}&#8221;][et_pb_column type=&#8221;1_3&#8243; _builder_version=&#8221;4.21.0&#8243; _module_preset=&#8221;default&#8221; global_colors_info=&#8221;{}&#8221;][et_pb_image src=&#8221;https:\/\/www.labcaffe.com\/wp-content\/uploads\/2023\/08\/gioia_linea_da.jpg&#8221; title_text=&#8221;gioia_linea_da&#8221; _builder_version=&#8221;4.21.2&#8243; _module_preset=&#8221;default&#8221; global_colors_info=&#8221;{}&#8221; src__hover_enabled=&#8221;on|hover&#8221; src__hover=&#8221;&#8221; box_shadow_horizontal__hover_enabled=&#8221;on|hover&#8221; box_shadow_horizontal__hover=&#8221;&#8221; filter_brightness__hover_enabled=&#8221;on|hover&#8221; filter_brightness__hover=&#8221;30%&#8221;][\/et_pb_image][et_pb_text _builder_version=&#8221;4.21.2&#8243; _module_preset=&#8221;default&#8221; text_text_color=&#8221;#000000&#8243; link_text_color=&#8221;#000000&#8243; text_orientation=&#8221;center&#8221; global_colors_info=&#8221;{}&#8221; text_text_color__hover_enabled=&#8221;on|desktop&#8221; text_text_color__hover=&#8221;#CC3333&#8243; link_text_color__hover_enabled=&#8221;on|hover&#8221; link_text_color__hover=&#8221;#CC3333&#8243;]<\/p>\n<p><a href=\"https:\/\/www.labcaffe.com\/wp-content\/uploads\/2023\/08\/gioia_linea_da.pdf\" target=\"_blank\" rel=\"noopener\">Gioia<\/a><\/p>\n<p>[\/et_pb_text][\/et_pb_column][et_pb_column type=&#8221;1_3&#8243; _builder_version=&#8221;4.21.0&#8243; _module_preset=&#8221;default&#8221; global_colors_info=&#8221;{}&#8221;][et_pb_image src=&#8221;https:\/\/www.labcaffe.com\/wp-content\/uploads\/2023\/08\/Liberty.jpg&#8221; title_text=&#8221;Liberty&#8221; _builder_version=&#8221;4.21.2&#8243; _module_preset=&#8221;default&#8221; global_colors_info=&#8221;{}&#8221; src__hover_enabled=&#8221;on|hover&#8221; src__hover=&#8221;&#8221; box_shadow_horizontal__hover_enabled=&#8221;on|hover&#8221; box_shadow_horizontal__hover=&#8221;&#8221; filter_brightness__hover_enabled=&#8221;on|hover&#8221; filter_brightness__hover=&#8221;30%&#8221;][\/et_pb_image][et_pb_text _builder_version=&#8221;4.21.2&#8243; _module_preset=&#8221;default&#8221; text_text_color=&#8221;#000000&#8243; link_text_color=&#8221;#000000&#8243; text_orientation=&#8221;center&#8221; global_colors_info=&#8221;{}&#8221; text_text_color__hover_enabled=&#8221;on|desktop&#8221; text_text_color__hover=&#8221;#CC3333&#8243; link_text_color__hover_enabled=&#8221;on|hover&#8221; link_text_color__hover=&#8221;#CC3333&#8243;]<a href=\"https:\/\/www.labcaffe.com\/wp-content\/uploads\/2023\/08\/Liberty.pdf\" target=\"_blank\" rel=\"noopener\">Caff\u00e8 Liberty<\/a>[\/et_pb_text][\/et_pb_column][et_pb_column type=&#8221;1_3&#8243; _builder_version=&#8221;4.21.0&#8243; _module_preset=&#8221;default&#8221; global_colors_info=&#8221;{}&#8221;][et_pb_image src=&#8221;https:\/\/www.labcaffe.com\/wp-content\/uploads\/2023\/08\/cutugno.jpg&#8221; title_text=&#8221;cutugno&#8221; _builder_version=&#8221;4.21.2&#8243; _module_preset=&#8221;default&#8221; global_colors_info=&#8221;{}&#8221; src__hover_enabled=&#8221;on|hover&#8221; src__hover=&#8221;&#8221; box_shadow_horizontal__hover_enabled=&#8221;on|hover&#8221; box_shadow_horizontal__hover=&#8221;&#8221; filter_brightness__hover_enabled=&#8221;on|hover&#8221; filter_brightness__hover=&#8221;30%&#8221;][\/et_pb_image][et_pb_text _builder_version=&#8221;4.21.2&#8243; _module_preset=&#8221;default&#8221; text_text_color=&#8221;#000000&#8243; link_text_color=&#8221;#000000&#8243; text_orientation=&#8221;center&#8221; global_colors_info=&#8221;{}&#8221; text_text_color__hover_enabled=&#8221;on|desktop&#8221; text_text_color__hover=&#8221;#CC3333&#8243; link_text_color__hover_enabled=&#8221;on|hover&#8221; link_text_color__hover=&#8221;#CC3333&#8243;]<\/p>\n<p><a href=\"https:\/\/www.labcaffe.com\/wp-content\/uploads\/2023\/08\/cutugno.pdf\" target=\"_blank\" rel=\"noopener\">Caff\u00e8 Cutugno<\/a><\/p>\n<p>[\/et_pb_text][\/et_pb_column][\/et_pb_row][et_pb_row column_structure=&#8221;1_3,1_3,1_3&#8243; _builder_version=&#8221;4.21.2&#8243; _module_preset=&#8221;default&#8221; custom_margin=&#8221;||||false|false&#8221; custom_padding=&#8221;||||false|false&#8221; border_color_top=&#8221;#eaeaea&#8221; border_color_bottom=&#8221;#eaeaea&#8221; global_colors_info=&#8221;{}&#8221;][et_pb_column type=&#8221;1_3&#8243; _builder_version=&#8221;4.21.0&#8243; _module_preset=&#8221;default&#8221; global_colors_info=&#8221;{}&#8221;][et_pb_image src=&#8221;https:\/\/www.labcaffe.com\/wp-content\/uploads\/2023\/08\/dorcaf.jpg&#8221; title_text=&#8221;dorcaf&#8221; _builder_version=&#8221;4.21.2&#8243; _module_preset=&#8221;default&#8221; hover_enabled=&#8221;0&#8243; global_colors_info=&#8221;{}&#8221; src__hover_enabled=&#8221;on|hover&#8221; src__hover=&#8221;&#8221; box_shadow_horizontal__hover_enabled=&#8221;on|hover&#8221; box_shadow_horizontal__hover=&#8221;&#8221; filter_brightness__hover_enabled=&#8221;on|hover&#8221; filter_brightness__hover=&#8221;30%&#8221; sticky_enabled=&#8221;0&#8243;][\/et_pb_image][et_pb_text _builder_version=&#8221;4.21.2&#8243; _module_preset=&#8221;default&#8221; text_text_color=&#8221;#000000&#8243; link_text_color=&#8221;#000000&#8243; text_orientation=&#8221;center&#8221; hover_enabled=&#8221;0&#8243; global_colors_info=&#8221;{}&#8221; text_text_color__hover_enabled=&#8221;on|desktop&#8221; text_text_color__hover=&#8221;#CC3333&#8243; link_text_color__hover_enabled=&#8221;on|hover&#8221; link_text_color__hover=&#8221;#CC3333&#8243; sticky_enabled=&#8221;0&#8243;]<\/p>\n<p><a href=\"https:\/\/www.labcaffe.com\/wp-content\/uploads\/2023\/08\/dorcaf.pdf\" target=\"_blank\" rel=\"noopener\">Caff\u00e8 Dorcaf<\/a><\/p>\n<p>[\/et_pb_text][\/et_pb_column][et_pb_column type=&#8221;1_3&#8243; _builder_version=&#8221;4.21.0&#8243; _module_preset=&#8221;default&#8221; global_colors_info=&#8221;{}&#8221;][et_pb_image src=&#8221;https:\/\/www.labcaffe.com\/wp-content\/uploads\/2023\/08\/wado.jpg&#8221; title_text=&#8221;wado&#8221; _builder_version=&#8221;4.21.2&#8243; _module_preset=&#8221;default&#8221; hover_enabled=&#8221;0&#8243; global_colors_info=&#8221;{}&#8221; src__hover_enabled=&#8221;on|hover&#8221; src__hover=&#8221;&#8221; box_shadow_horizontal__hover_enabled=&#8221;on|hover&#8221; box_shadow_horizontal__hover=&#8221;&#8221; filter_brightness__hover_enabled=&#8221;on|hover&#8221; filter_brightness__hover=&#8221;30%&#8221; sticky_enabled=&#8221;0&#8243;][\/et_pb_image][et_pb_text _builder_version=&#8221;4.21.2&#8243; _module_preset=&#8221;default&#8221; text_text_color=&#8221;#000000&#8243; link_text_color=&#8221;#000000&#8243; text_orientation=&#8221;center&#8221; hover_enabled=&#8221;0&#8243; global_colors_info=&#8221;{}&#8221; text_text_color__hover_enabled=&#8221;on|desktop&#8221; text_text_color__hover=&#8221;#CC3333&#8243; link_text_color__hover_enabled=&#8221;on|hover&#8221; link_text_color__hover=&#8221;#CC3333&#8243; sticky_enabled=&#8221;0&#8243;]<\/p>\n<p><a href=\"https:\/\/www.labcaffe.com\/wp-content\/uploads\/2023\/08\/wado.pdf\" target=\"_blank\" rel=\"noopener\">Caff\u00e8 Wado<\/a><\/p>\n<p>[\/et_pb_text][\/et_pb_column][et_pb_column type=&#8221;1_3&#8243; _builder_version=&#8221;4.21.0&#8243; _module_preset=&#8221;default&#8221; global_colors_info=&#8221;{}&#8221;][\/et_pb_column][\/et_pb_row][\/et_pb_section]<\/p>\n","protected":false},"excerpt":{"rendered":"<p>Caff\u00e8 Gioia | Horeca e GDO Caff\u00e8 Gioia | Linea Serving Caff\u00e8 Gioia | Bio Gioia Caff\u00e8 Liberty Caff\u00e8 Cutugno Caff\u00e8 Dorcaf Caff\u00e8 Wado<\/p>\n","protected":false},"author":52,"featured_media":0,"parent":0,"menu_order":4,"comment_status":"closed","ping_status":"closed","template":"","meta":{"_et_pb_use_builder":"on","_et_pb_old_content":"","_et_gb_content_width":"","footnotes":""},"class_list":["post-226368","page","type-page","status-publish","hentry"],"yoast_head":"<!-- This site is optimized with the Yoast SEO plugin v27.6 - https:\/\/yoast.com\/product\/yoast-seo-wordpress\/ -->\n<title>Download - Labcaff\u00e8 - Caff\u00e8 Gioia<\/title>\n<meta name=\"robots\" content=\"index, follow, max-snippet:-1, max-image-preview:large, max-video-preview:-1\" \/>\n<link rel=\"canonical\" href=\"https:\/\/www.labcaffe.com\/en\/download\" \/>\n<meta property=\"og:locale\" content=\"en_US\" \/>\n<meta property=\"og:type\" content=\"article\" \/>\n<meta property=\"og:title\" content=\"Download - Labcaff\u00e8 - Caff\u00e8 Gioia\" \/>\n<meta property=\"og:description\" content=\"Caff\u00e8 Gioia | Horeca e GDO Caff\u00e8 Gioia | Linea Serving Caff\u00e8 Gioia | Bio Gioia Caff\u00e8 Liberty Caff\u00e8 Cutugno Caff\u00e8 Dorcaf Caff\u00e8 Wado\" \/>\n<meta property=\"og:url\" content=\"https:\/\/www.labcaffe.com\/en\/download\" \/>\n<meta property=\"og:site_name\" content=\"Labcaff\u00e8 - Caff\u00e8 Gioia\" \/>\n<meta property=\"article:modified_time\" content=\"2023-10-31T10:30:23+00:00\" \/>\n<meta name=\"twitter:card\" content=\"summary_large_image\" \/>\n<meta name=\"twitter:label1\" content=\"Est. reading time\" \/>\n\t<meta name=\"twitter:data1\" content=\"6 minutes\" \/>\n<script type=\"application\/ld+json\" class=\"yoast-schema-graph\">{\"@context\":\"https:\\\/\\\/schema.org\",\"@graph\":[{\"@type\":\"WebPage\",\"@id\":\"https:\\\/\\\/www.labcaffe.com\\\/en\\\/download\",\"url\":\"https:\\\/\\\/www.labcaffe.com\\\/en\\\/download\",\"name\":\"Download - Labcaff\u00e8 - Caff\u00e8 Gioia\",\"isPartOf\":{\"@id\":\"https:\\\/\\\/www.labcaffe.com\\\/en#website\"},\"datePublished\":\"2020-10-23T10:15:36+00:00\",\"dateModified\":\"2023-10-31T10:30:23+00:00\",\"breadcrumb\":{\"@id\":\"https:\\\/\\\/www.labcaffe.com\\\/en\\\/download#breadcrumb\"},\"inLanguage\":\"en-US\",\"potentialAction\":[{\"@type\":\"ReadAction\",\"target\":[\"https:\\\/\\\/www.labcaffe.com\\\/en\\\/download\"]}]},{\"@type\":\"BreadcrumbList\",\"@id\":\"https:\\\/\\\/www.labcaffe.com\\\/en\\\/download#breadcrumb\",\"itemListElement\":[{\"@type\":\"ListItem\",\"position\":1,\"name\":\"Home\",\"item\":\"https:\\\/\\\/www.labcaffe.com\\\/en\"},{\"@type\":\"ListItem\",\"position\":2,\"name\":\"download\"}]},{\"@type\":\"WebSite\",\"@id\":\"https:\\\/\\\/www.labcaffe.com\\\/en#website\",\"url\":\"https:\\\/\\\/www.labcaffe.com\\\/en\",\"name\":\"Labcaff\u00e8 - Caff\u00e8 Gioia\",\"description\":\"Un nuovo sito targato Euchia\",\"potentialAction\":[{\"@type\":\"SearchAction\",\"target\":{\"@type\":\"EntryPoint\",\"urlTemplate\":\"https:\\\/\\\/www.labcaffe.com\\\/en?s={search_term_string}\"},\"query-input\":{\"@type\":\"PropertyValueSpecification\",\"valueRequired\":true,\"valueName\":\"search_term_string\"}}],\"inLanguage\":\"en-US\"}]}<\/script>\n<!-- \/ Yoast SEO plugin. -->","yoast_head_json":{"title":"Download - Labcaff\u00e8 - Caff\u00e8 Gioia","robots":{"index":"index","follow":"follow","max-snippet":"max-snippet:-1","max-image-preview":"max-image-preview:large","max-video-preview":"max-video-preview:-1"},"canonical":"https:\/\/www.labcaffe.com\/en\/download","og_locale":"en_US","og_type":"article","og_title":"Download - Labcaff\u00e8 - Caff\u00e8 Gioia","og_description":"Caff\u00e8 Gioia | Horeca e GDO Caff\u00e8 Gioia | Linea Serving Caff\u00e8 Gioia | Bio Gioia Caff\u00e8 Liberty Caff\u00e8 Cutugno Caff\u00e8 Dorcaf Caff\u00e8 Wado","og_url":"https:\/\/www.labcaffe.com\/en\/download","og_site_name":"Labcaff\u00e8 - Caff\u00e8 Gioia","article_modified_time":"2023-10-31T10:30:23+00:00","twitter_card":"summary_large_image","twitter_misc":{"Est. reading time":"6 minutes"},"schema":{"@context":"https:\/\/schema.org","@graph":[{"@type":"WebPage","@id":"https:\/\/www.labcaffe.com\/en\/download","url":"https:\/\/www.labcaffe.com\/en\/download","name":"Download - Labcaff\u00e8 - Caff\u00e8 Gioia","isPartOf":{"@id":"https:\/\/www.labcaffe.com\/en#website"},"datePublished":"2020-10-23T10:15:36+00:00","dateModified":"2023-10-31T10:30:23+00:00","breadcrumb":{"@id":"https:\/\/www.labcaffe.com\/en\/download#breadcrumb"},"inLanguage":"en-US","potentialAction":[{"@type":"ReadAction","target":["https:\/\/www.labcaffe.com\/en\/download"]}]},{"@type":"BreadcrumbList","@id":"https:\/\/www.labcaffe.com\/en\/download#breadcrumb","itemListElement":[{"@type":"ListItem","position":1,"name":"Home","item":"https:\/\/www.labcaffe.com\/en"},{"@type":"ListItem","position":2,"name":"download"}]},{"@type":"WebSite","@id":"https:\/\/www.labcaffe.com\/en#website","url":"https:\/\/www.labcaffe.com\/en","name":"Labcaff\u00e8 - Caff\u00e8 Gioia","description":"Un nuovo sito targato Euchia","potentialAction":[{"@type":"SearchAction","target":{"@type":"EntryPoint","urlTemplate":"https:\/\/www.labcaffe.com\/en?s={search_term_string}"},"query-input":{"@type":"PropertyValueSpecification","valueRequired":true,"valueName":"search_term_string"}}],"inLanguage":"en-US"}]}},"_links":{"self":[{"href":"https:\/\/www.labcaffe.com\/en\/wp-json\/wp\/v2\/pages\/226368","targetHints":{"allow":["GET"]}}],"collection":[{"href":"https:\/\/www.labcaffe.com\/en\/wp-json\/wp\/v2\/pages"}],"about":[{"href":"https:\/\/www.labcaffe.com\/en\/wp-json\/wp\/v2\/types\/page"}],"author":[{"embeddable":true,"href":"https:\/\/www.labcaffe.com\/en\/wp-json\/wp\/v2\/users\/52"}],"replies":[{"embeddable":true,"href":"https:\/\/www.labcaffe.com\/en\/wp-json\/wp\/v2\/comments?post=226368"}],"version-history":[{"count":1,"href":"https:\/\/www.labcaffe.com\/en\/wp-json\/wp\/v2\/pages\/226368\/revisions"}],"predecessor-version":[{"id":226370,"href":"https:\/\/www.labcaffe.com\/en\/wp-json\/wp\/v2\/pages\/226368\/revisions\/226370"}],"wp:attachment":[{"href":"https:\/\/www.labcaffe.com\/en\/wp-json\/wp\/v2\/media?parent=226368"}],"curies":[{"name":"wp","href":"https:\/\/api.w.org\/{rel}","templated":true}]}}