{"id":226412,"date":"2023-08-04T11:20:44","date_gmt":"2023-08-04T09:20:44","guid":{"rendered":"https:\/\/www.labcaffe.com\/our-brands\/caffe-dorcaf\/vending-machine-line"},"modified":"2023-10-31T11:41:26","modified_gmt":"2023-10-31T10:41:26","slug":"vending-machine-line","status":"publish","type":"page","link":"https:\/\/www.labcaffe.com\/en\/our-brands\/caffe-dorcaf\/vending-machine-line","title":{"rendered":"vending machine line"},"content":{"rendered":"<p>[et_pb_section fb_built=&#8221;1&#8243; _builder_version=&#8221;4.21.0&#8243; _module_preset=&#8221;default&#8221; global_colors_info=&#8221;{}&#8221;][et_pb_row _builder_version=&#8221;4.21.0&#8243; _module_preset=&#8221;default&#8221; custom_margin=&#8221;30px||||false|false&#8221; custom_padding=&#8221;30px||||false|false&#8221; border_width_top=&#8221;2px&#8221; border_color_top=&#8221;#eaeaea&#8221; border_width_bottom=&#8221;2px&#8221; border_color_bottom=&#8221;#eaeaea&#8221; global_colors_info=&#8221;{}&#8221;][et_pb_column type=&#8221;4_4&#8243; _builder_version=&#8221;4.21.0&#8243; _module_preset=&#8221;default&#8221; global_colors_info=&#8221;{}&#8221;][et_pb_text _builder_version=&#8221;4.21.2&#8243; _module_preset=&#8221;default&#8221; header_3_font_size=&#8221;19px&#8221; hover_enabled=&#8221;0&#8243; global_colors_info=&#8221;{}&#8221; sticky_enabled=&#8221;0&#8243;]<\/p>\n<h3>MISCELA ARANCIO<\/h3>\n<p>[\/et_pb_text][et_pb_text _builder_version=&#8221;4.21.2&#8243; _module_preset=&#8221;default&#8221; header_3_font_size=&#8221;19px&#8221; hover_enabled=&#8221;0&#8243; global_colors_info=&#8221;{}&#8221; sticky_enabled=&#8221;0&#8243;]<\/p>\n<p><img decoding=\"async\" class=\"wp-image-225420 alignleft size-full\" src=\"https:\/\/www.labcaffe.com\/wp-content\/uploads\/2023\/08\/deb9f9efc56ef2a940bdf0d58ccaad5c_S.jpg\" alt=\"\" width=\"200\" height=\"200\" srcset=\"https:\/\/www.labcaffe.com\/wp-content\/uploads\/2023\/08\/deb9f9efc56ef2a940bdf0d58ccaad5c_S.jpg 200w, https:\/\/www.labcaffe.com\/wp-content\/uploads\/2023\/08\/deb9f9efc56ef2a940bdf0d58ccaad5c_S-150x150.jpg 150w\" sizes=\"(max-width: 200px) 100vw, 200px\" \/>Miscela di caff\u00e8 forte e corposo, dall\u2019aroma intenso. Ideata appositamente per la distribuzione automatica. Caff\u00e8 in grani. <\/p>\n<p>DISPONIBILE IN<br \/>Confezione da 1000 gr. 35,3 oz. Cod .703A<br \/>Confezione da 500gr 17,6 oz. Cod. 702A<\/p>\n<p>[\/et_pb_text][\/et_pb_column][\/et_pb_row][\/et_pb_section]<\/p>\n","protected":false},"excerpt":{"rendered":"<p>MISCELA ARANCIOMiscela di caff\u00e8 forte e corposo, dall\u2019aroma intenso. Ideata appositamente per la distribuzione automatica. Caff\u00e8 in grani. DISPONIBILE INConfezione da 1000 gr. 35,3 oz. Cod .703AConfezione da 500gr 17,6 oz. Cod. 702A<\/p>\n","protected":false},"author":52,"featured_media":0,"parent":226342,"menu_order":1,"comment_status":"closed","ping_status":"closed","template":"","meta":{"_et_pb_use_builder":"on","_et_pb_old_content":"","_et_gb_content_width":"","footnotes":""},"class_list":["post-226412","page","type-page","status-publish","hentry"],"yoast_head":"<!-- This site is optimized with the Yoast SEO plugin v27.5 - https:\/\/yoast.com\/product\/yoast-seo-wordpress\/ -->\n<title>vending machine line - Labcaff\u00e8 - Caff\u00e8 Gioia<\/title>\n<meta name=\"robots\" content=\"index, follow, max-snippet:-1, max-image-preview:large, max-video-preview:-1\" \/>\n<link rel=\"canonical\" href=\"https:\/\/www.labcaffe.com\/en\/our-brands\/caffe-dorcaf\/vending-machine-line\" \/>\n<meta property=\"og:locale\" content=\"en_US\" \/>\n<meta property=\"og:type\" content=\"article\" \/>\n<meta property=\"og:title\" content=\"vending machine line - Labcaff\u00e8 - Caff\u00e8 Gioia\" \/>\n<meta property=\"og:description\" content=\"MISCELA ARANCIOMiscela di caff\u00e8 forte e corposo, dall\u2019aroma intenso. Ideata appositamente per la distribuzione automatica. Caff\u00e8 in grani. DISPONIBILE INConfezione da 1000 gr. 35,3 oz. Cod .703AConfezione da 500gr 17,6 oz. Cod. 702A\" \/>\n<meta property=\"og:url\" content=\"https:\/\/www.labcaffe.com\/en\/our-brands\/caffe-dorcaf\/vending-machine-line\" \/>\n<meta property=\"og:site_name\" content=\"Labcaff\u00e8 - Caff\u00e8 Gioia\" \/>\n<meta property=\"article:modified_time\" content=\"2023-10-31T10:41:26+00:00\" \/>\n<meta property=\"og:image\" content=\"https:\/\/www.labcaffe.com\/wp-content\/uploads\/2023\/08\/deb9f9efc56ef2a940bdf0d58ccaad5c_S.jpg\" \/>\n<meta name=\"twitter:card\" content=\"summary_large_image\" \/>\n<meta name=\"twitter:label1\" content=\"Est. reading time\" \/>\n\t<meta name=\"twitter:data1\" content=\"1 minute\" \/>\n<script type=\"application\/ld+json\" class=\"yoast-schema-graph\">{\"@context\":\"https:\\\/\\\/schema.org\",\"@graph\":[{\"@type\":\"WebPage\",\"@id\":\"https:\\\/\\\/www.labcaffe.com\\\/en\\\/our-brands\\\/caffe-dorcaf\\\/vending-machine-line\",\"url\":\"https:\\\/\\\/www.labcaffe.com\\\/en\\\/our-brands\\\/caffe-dorcaf\\\/vending-machine-line\",\"name\":\"vending machine line - Labcaff\u00e8 - Caff\u00e8 Gioia\",\"isPartOf\":{\"@id\":\"https:\\\/\\\/www.labcaffe.com\\\/en#website\"},\"primaryImageOfPage\":{\"@id\":\"https:\\\/\\\/www.labcaffe.com\\\/en\\\/our-brands\\\/caffe-dorcaf\\\/vending-machine-line#primaryimage\"},\"image\":{\"@id\":\"https:\\\/\\\/www.labcaffe.com\\\/en\\\/our-brands\\\/caffe-dorcaf\\\/vending-machine-line#primaryimage\"},\"thumbnailUrl\":\"https:\\\/\\\/www.labcaffe.com\\\/wp-content\\\/uploads\\\/2023\\\/08\\\/deb9f9efc56ef2a940bdf0d58ccaad5c_S.jpg\",\"datePublished\":\"2023-08-04T09:20:44+00:00\",\"dateModified\":\"2023-10-31T10:41:26+00:00\",\"breadcrumb\":{\"@id\":\"https:\\\/\\\/www.labcaffe.com\\\/en\\\/our-brands\\\/caffe-dorcaf\\\/vending-machine-line#breadcrumb\"},\"inLanguage\":\"en-US\",\"potentialAction\":[{\"@type\":\"ReadAction\",\"target\":[\"https:\\\/\\\/www.labcaffe.com\\\/en\\\/our-brands\\\/caffe-dorcaf\\\/vending-machine-line\"]}]},{\"@type\":\"ImageObject\",\"inLanguage\":\"en-US\",\"@id\":\"https:\\\/\\\/www.labcaffe.com\\\/en\\\/our-brands\\\/caffe-dorcaf\\\/vending-machine-line#primaryimage\",\"url\":\"https:\\\/\\\/www.labcaffe.com\\\/wp-content\\\/uploads\\\/2023\\\/08\\\/deb9f9efc56ef2a940bdf0d58ccaad5c_S.jpg\",\"contentUrl\":\"https:\\\/\\\/www.labcaffe.com\\\/wp-content\\\/uploads\\\/2023\\\/08\\\/deb9f9efc56ef2a940bdf0d58ccaad5c_S.jpg\"},{\"@type\":\"BreadcrumbList\",\"@id\":\"https:\\\/\\\/www.labcaffe.com\\\/en\\\/our-brands\\\/caffe-dorcaf\\\/vending-machine-line#breadcrumb\",\"itemListElement\":[{\"@type\":\"ListItem\",\"position\":1,\"name\":\"Home\",\"item\":\"https:\\\/\\\/www.labcaffe.com\\\/en\"},{\"@type\":\"ListItem\",\"position\":2,\"name\":\"OUR BRANDS\",\"item\":\"https:\\\/\\\/www.labcaffe.com\\\/en\\\/i-marchi\"},{\"@type\":\"ListItem\",\"position\":3,\"name\":\"caff\u00e8 dorcaf\",\"item\":\"https:\\\/\\\/www.labcaffe.com\\\/en\\\/our-brands\\\/caffe-dorcaf\"},{\"@type\":\"ListItem\",\"position\":4,\"name\":\"vending machine line\"}]},{\"@type\":\"WebSite\",\"@id\":\"https:\\\/\\\/www.labcaffe.com\\\/en#website\",\"url\":\"https:\\\/\\\/www.labcaffe.com\\\/en\",\"name\":\"Labcaff\u00e8 - Caff\u00e8 Gioia\",\"description\":\"Un nuovo sito targato Euchia\",\"potentialAction\":[{\"@type\":\"SearchAction\",\"target\":{\"@type\":\"EntryPoint\",\"urlTemplate\":\"https:\\\/\\\/www.labcaffe.com\\\/en?s={search_term_string}\"},\"query-input\":{\"@type\":\"PropertyValueSpecification\",\"valueRequired\":true,\"valueName\":\"search_term_string\"}}],\"inLanguage\":\"en-US\"}]}<\/script>\n<!-- \/ Yoast SEO plugin. -->","yoast_head_json":{"title":"vending machine line - Labcaff\u00e8 - Caff\u00e8 Gioia","robots":{"index":"index","follow":"follow","max-snippet":"max-snippet:-1","max-image-preview":"max-image-preview:large","max-video-preview":"max-video-preview:-1"},"canonical":"https:\/\/www.labcaffe.com\/en\/our-brands\/caffe-dorcaf\/vending-machine-line","og_locale":"en_US","og_type":"article","og_title":"vending machine line - Labcaff\u00e8 - Caff\u00e8 Gioia","og_description":"MISCELA ARANCIOMiscela di caff\u00e8 forte e corposo, dall\u2019aroma intenso. Ideata appositamente per la distribuzione automatica. Caff\u00e8 in grani. DISPONIBILE INConfezione da 1000 gr. 35,3 oz. Cod .703AConfezione da 500gr 17,6 oz. Cod. 702A","og_url":"https:\/\/www.labcaffe.com\/en\/our-brands\/caffe-dorcaf\/vending-machine-line","og_site_name":"Labcaff\u00e8 - Caff\u00e8 Gioia","article_modified_time":"2023-10-31T10:41:26+00:00","og_image":[{"url":"https:\/\/www.labcaffe.com\/wp-content\/uploads\/2023\/08\/deb9f9efc56ef2a940bdf0d58ccaad5c_S.jpg","type":"","width":"","height":""}],"twitter_card":"summary_large_image","twitter_misc":{"Est. reading time":"1 minute"},"schema":{"@context":"https:\/\/schema.org","@graph":[{"@type":"WebPage","@id":"https:\/\/www.labcaffe.com\/en\/our-brands\/caffe-dorcaf\/vending-machine-line","url":"https:\/\/www.labcaffe.com\/en\/our-brands\/caffe-dorcaf\/vending-machine-line","name":"vending machine line - Labcaff\u00e8 - Caff\u00e8 Gioia","isPartOf":{"@id":"https:\/\/www.labcaffe.com\/en#website"},"primaryImageOfPage":{"@id":"https:\/\/www.labcaffe.com\/en\/our-brands\/caffe-dorcaf\/vending-machine-line#primaryimage"},"image":{"@id":"https:\/\/www.labcaffe.com\/en\/our-brands\/caffe-dorcaf\/vending-machine-line#primaryimage"},"thumbnailUrl":"https:\/\/www.labcaffe.com\/wp-content\/uploads\/2023\/08\/deb9f9efc56ef2a940bdf0d58ccaad5c_S.jpg","datePublished":"2023-08-04T09:20:44+00:00","dateModified":"2023-10-31T10:41:26+00:00","breadcrumb":{"@id":"https:\/\/www.labcaffe.com\/en\/our-brands\/caffe-dorcaf\/vending-machine-line#breadcrumb"},"inLanguage":"en-US","potentialAction":[{"@type":"ReadAction","target":["https:\/\/www.labcaffe.com\/en\/our-brands\/caffe-dorcaf\/vending-machine-line"]}]},{"@type":"ImageObject","inLanguage":"en-US","@id":"https:\/\/www.labcaffe.com\/en\/our-brands\/caffe-dorcaf\/vending-machine-line#primaryimage","url":"https:\/\/www.labcaffe.com\/wp-content\/uploads\/2023\/08\/deb9f9efc56ef2a940bdf0d58ccaad5c_S.jpg","contentUrl":"https:\/\/www.labcaffe.com\/wp-content\/uploads\/2023\/08\/deb9f9efc56ef2a940bdf0d58ccaad5c_S.jpg"},{"@type":"BreadcrumbList","@id":"https:\/\/www.labcaffe.com\/en\/our-brands\/caffe-dorcaf\/vending-machine-line#breadcrumb","itemListElement":[{"@type":"ListItem","position":1,"name":"Home","item":"https:\/\/www.labcaffe.com\/en"},{"@type":"ListItem","position":2,"name":"OUR BRANDS","item":"https:\/\/www.labcaffe.com\/en\/i-marchi"},{"@type":"ListItem","position":3,"name":"caff\u00e8 dorcaf","item":"https:\/\/www.labcaffe.com\/en\/our-brands\/caffe-dorcaf"},{"@type":"ListItem","position":4,"name":"vending machine line"}]},{"@type":"WebSite","@id":"https:\/\/www.labcaffe.com\/en#website","url":"https:\/\/www.labcaffe.com\/en","name":"Labcaff\u00e8 - Caff\u00e8 Gioia","description":"Un nuovo sito targato Euchia","potentialAction":[{"@type":"SearchAction","target":{"@type":"EntryPoint","urlTemplate":"https:\/\/www.labcaffe.com\/en?s={search_term_string}"},"query-input":{"@type":"PropertyValueSpecification","valueRequired":true,"valueName":"search_term_string"}}],"inLanguage":"en-US"}]}},"_links":{"self":[{"href":"https:\/\/www.labcaffe.com\/en\/wp-json\/wp\/v2\/pages\/226412","targetHints":{"allow":["GET"]}}],"collection":[{"href":"https:\/\/www.labcaffe.com\/en\/wp-json\/wp\/v2\/pages"}],"about":[{"href":"https:\/\/www.labcaffe.com\/en\/wp-json\/wp\/v2\/types\/page"}],"author":[{"embeddable":true,"href":"https:\/\/www.labcaffe.com\/en\/wp-json\/wp\/v2\/users\/52"}],"replies":[{"embeddable":true,"href":"https:\/\/www.labcaffe.com\/en\/wp-json\/wp\/v2\/comments?post=226412"}],"version-history":[{"count":2,"href":"https:\/\/www.labcaffe.com\/en\/wp-json\/wp\/v2\/pages\/226412\/revisions"}],"predecessor-version":[{"id":226414,"href":"https:\/\/www.labcaffe.com\/en\/wp-json\/wp\/v2\/pages\/226412\/revisions\/226414"}],"up":[{"embeddable":true,"href":"https:\/\/www.labcaffe.com\/en\/wp-json\/wp\/v2\/pages\/226342"}],"wp:attachment":[{"href":"https:\/\/www.labcaffe.com\/en\/wp-json\/wp\/v2\/media?parent=226412"}],"curies":[{"name":"wp","href":"https:\/\/api.w.org\/{rel}","templated":true}]}}