{"id":226441,"date":"2020-10-23T12:15:36","date_gmt":"2020-10-23T10:15:36","guid":{"rendered":"https:\/\/www.labcaffe.com\/our-brands\/gioia\/coffee-pods"},"modified":"2023-10-31T11:49:50","modified_gmt":"2023-10-31T10:49:50","slug":"coffee-pods","status":"publish","type":"page","link":"https:\/\/www.labcaffe.com\/en\/our-brands\/gioia\/coffee-pods","title":{"rendered":"coffee pods"},"content":{"rendered":"<p>[et_pb_section fb_built=&#8221;1&#8243; _builder_version=&#8221;4.21.0&#8243; _module_preset=&#8221;default&#8221; global_colors_info=&#8221;{}&#8221;][et_pb_row _builder_version=&#8221;4.21.0&#8243; _module_preset=&#8221;default&#8221; custom_margin=&#8221;30px||||false|false&#8221; custom_padding=&#8221;30px||||false|false&#8221; border_width_top=&#8221;2px&#8221; border_color_top=&#8221;#eaeaea&#8221; border_width_bottom=&#8221;2px&#8221; border_color_bottom=&#8221;#eaeaea&#8221; global_colors_info=&#8221;{}&#8221;][et_pb_column type=&#8221;4_4&#8243; _builder_version=&#8221;4.21.0&#8243; _module_preset=&#8221;default&#8221; global_colors_info=&#8221;{}&#8221;][et_pb_text _builder_version=&#8221;4.21.2&#8243; _module_preset=&#8221;default&#8221; header_3_font_size=&#8221;19px&#8221; hover_enabled=&#8221;0&#8243; global_colors_info=&#8221;{}&#8221; sticky_enabled=&#8221;0&#8243;]<\/p>\n<h3>CIALDA 38 MM MISCELA 100% ARABICA<br \/>\n<\/h3>\n<p>[\/et_pb_text][et_pb_text _builder_version=&#8221;4.21.2&#8243; _module_preset=&#8221;default&#8221; header_3_font_size=&#8221;19px&#8221; hover_enabled=&#8221;0&#8243; global_colors_info=&#8221;{}&#8221; sticky_enabled=&#8221;0&#8243;]<\/p>\n<p><img decoding=\"async\" class=\"wp-image-225497 alignleft size-full\" src=\"https:\/\/www.labcaffe.com\/wp-content\/uploads\/2023\/08\/267b1948fa84309bc99f9c0289cabe44_S.jpg\" alt=\"\" width=\"200\" height=\"200\" srcset=\"https:\/\/www.labcaffe.com\/wp-content\/uploads\/2023\/08\/267b1948fa84309bc99f9c0289cabe44_S.jpg 200w, https:\/\/www.labcaffe.com\/wp-content\/uploads\/2023\/08\/267b1948fa84309bc99f9c0289cabe44_S-150x150.jpg 150w\" sizes=\"(max-width: 200px) 100vw, 200px\" \/>Un espresso dal gusto intenso e pieno e dall\u2019aroma inconfondibile, ottenuto dalla miscela della migliori qualit\u00e0 di Arabica. Cialda da 7 gr 0,48 oz. <\/p>\n<p>DISPONIBILE IN<br \/>kit da 150 pz. Cod. 611K_38<\/p>\n<p>[\/et_pb_text][\/et_pb_column][\/et_pb_row][et_pb_row _builder_version=&#8221;4.21.2&#8243; _module_preset=&#8221;default&#8221; custom_margin=&#8221;30px||||false|false&#8221; custom_padding=&#8221;30px||||false|false&#8221; border_color_top=&#8221;#eaeaea&#8221; border_width_bottom=&#8221;2px&#8221; border_color_bottom=&#8221;#eaeaea&#8221; global_colors_info=&#8221;{}&#8221;][et_pb_column type=&#8221;4_4&#8243; _builder_version=&#8221;4.21.0&#8243; _module_preset=&#8221;default&#8221; global_colors_info=&#8221;{}&#8221;][et_pb_text _builder_version=&#8221;4.21.2&#8243; _module_preset=&#8221;default&#8221; header_3_font_size=&#8221;19px&#8221; hover_enabled=&#8221;0&#8243; global_colors_info=&#8221;{}&#8221; sticky_enabled=&#8221;0&#8243;]<\/p>\n<h3>CIALDA 38MM MISCELA CLASSICA<br \/>\n<\/h3>\n<p>[\/et_pb_text][et_pb_text _builder_version=&#8221;4.21.2&#8243; _module_preset=&#8221;default&#8221; header_3_font_size=&#8221;19px&#8221; hover_enabled=&#8221;0&#8243; global_colors_info=&#8221;{}&#8221; sticky_enabled=&#8221;0&#8243;]<\/p>\n<p><img decoding=\"async\" class=\"wp-image-225498 alignleft size-full\" src=\"https:\/\/www.labcaffe.com\/wp-content\/uploads\/2023\/08\/aaa082d2257ab65aecf61c2340e9c5b9_S.jpg\" alt=\"\" width=\"200\" height=\"200\" srcset=\"https:\/\/www.labcaffe.com\/wp-content\/uploads\/2023\/08\/aaa082d2257ab65aecf61c2340e9c5b9_S.jpg 200w, https:\/\/www.labcaffe.com\/wp-content\/uploads\/2023\/08\/aaa082d2257ab65aecf61c2340e9c5b9_S-150x150.jpg 150w\" sizes=\"(max-width: 200px) 100vw, 200px\" \/>Una miscela molto bilanciata, composta con le migliori variet\u00e0 di Arabica e di Robusta, per un risultato in tazza gradevole e aromatico. Cialda da 7 gr 0,48 oz.<\/p>\n<p>DISPONIBILE IN<br \/>kit da 150 pz. Cod. 311K_38<\/p>\n<p>[\/et_pb_text][\/et_pb_column][\/et_pb_row][et_pb_row _builder_version=&#8221;4.21.2&#8243; _module_preset=&#8221;default&#8221; custom_margin=&#8221;30px||||false|false&#8221; custom_padding=&#8221;30px||||false|false&#8221; border_color_top=&#8221;#eaeaea&#8221; border_width_bottom=&#8221;2px&#8221; border_color_bottom=&#8221;#eaeaea&#8221; global_colors_info=&#8221;{}&#8221;][et_pb_column type=&#8221;4_4&#8243; _builder_version=&#8221;4.21.0&#8243; _module_preset=&#8221;default&#8221; global_colors_info=&#8221;{}&#8221;][et_pb_text _builder_version=&#8221;4.21.2&#8243; _module_preset=&#8221;default&#8221; header_3_font_size=&#8221;19px&#8221; hover_enabled=&#8221;0&#8243; global_colors_info=&#8221;{}&#8221; sticky_enabled=&#8221;0&#8243;]<\/p>\n<h3>CIALDA DOPPIA MISCELA 100% ARABICA<br \/>\n<\/h3>\n<p>[\/et_pb_text][et_pb_text _builder_version=&#8221;4.21.2&#8243; _module_preset=&#8221;default&#8221; header_3_font_size=&#8221;19px&#8221; hover_enabled=&#8221;0&#8243; global_colors_info=&#8221;{}&#8221; sticky_enabled=&#8221;0&#8243;]<\/p>\n<p><img decoding=\"async\" class=\"wp-image-225499 alignleft size-full\" src=\"https:\/\/www.labcaffe.com\/wp-content\/uploads\/2023\/08\/ba1b7eb9b8ad142948e3b9dce300b4c6_S.jpg\" alt=\"\" width=\"200\" height=\"200\" srcset=\"https:\/\/www.labcaffe.com\/wp-content\/uploads\/2023\/08\/ba1b7eb9b8ad142948e3b9dce300b4c6_S.jpg 200w, https:\/\/www.labcaffe.com\/wp-content\/uploads\/2023\/08\/ba1b7eb9b8ad142948e3b9dce300b4c6_S-150x150.jpg 150w\" sizes=\"(max-width: 200px) 100vw, 200px\" \/>Un caff\u00e8 dal gusto intenso e pieno, con selezionate qualit\u00e0 di Arabica per un caff\u00e8 dal gusto delicato e dall\u2019aroma inconfondibile. Cialda da 14 gr 0,48 oz.<\/p>\n<p>DISPONIBILE IN<br \/>conf. da 100 pz. Cod. 341A<br \/>kit accessori da 200 pz. Cod. 325K<\/p>\n<p>[\/et_pb_text][\/et_pb_column][\/et_pb_row][et_pb_row _builder_version=&#8221;4.21.2&#8243; _module_preset=&#8221;default&#8221; custom_margin=&#8221;30px||||false|false&#8221; custom_padding=&#8221;30px||||false|false&#8221; border_color_top=&#8221;#eaeaea&#8221; border_width_bottom=&#8221;2px&#8221; border_color_bottom=&#8221;#eaeaea&#8221; global_colors_info=&#8221;{}&#8221;][et_pb_column type=&#8221;4_4&#8243; _builder_version=&#8221;4.21.0&#8243; _module_preset=&#8221;default&#8221; global_colors_info=&#8221;{}&#8221;][et_pb_text _builder_version=&#8221;4.21.2&#8243; _module_preset=&#8221;default&#8221; header_3_font_size=&#8221;19px&#8221; hover_enabled=&#8221;0&#8243; global_colors_info=&#8221;{}&#8221; sticky_enabled=&#8221;0&#8243;]<\/p>\n<h3>CIALDA DOPPIA MISCELA CLASSICA<br \/>\n<\/h3>\n<p>[\/et_pb_text][et_pb_text _builder_version=&#8221;4.21.2&#8243; _module_preset=&#8221;default&#8221; header_3_font_size=&#8221;19px&#8221; hover_enabled=&#8221;0&#8243; global_colors_info=&#8221;{}&#8221; sticky_enabled=&#8221;0&#8243;]<\/p>\n<p><img decoding=\"async\" class=\"wp-image-225500 alignleft size-full\" src=\"https:\/\/www.labcaffe.com\/wp-content\/uploads\/2023\/08\/0d0c19531d6e29f793ed165732978408_S.jpg\" alt=\"\" width=\"200\" height=\"200\" srcset=\"https:\/\/www.labcaffe.com\/wp-content\/uploads\/2023\/08\/0d0c19531d6e29f793ed165732978408_S.jpg 200w, https:\/\/www.labcaffe.com\/wp-content\/uploads\/2023\/08\/0d0c19531d6e29f793ed165732978408_S-150x150.jpg 150w\" sizes=\"(max-width: 200px) 100vw, 200px\" \/>Una miscela molto bilanciata, composta con le migliori variet\u00e0 di Arabica e di Robusta, per un risultato in tazza gradevole e aromatico. Cialda da 14 gr 0,48 oz.<\/p>\n<p>DISPONIBILE IN<br \/>conf. da 100 pz. Cod. 341C<br \/>kit accessori da 200 pz. Cod. 325K<\/p>\n<p>[\/et_pb_text][\/et_pb_column][\/et_pb_row][et_pb_row _builder_version=&#8221;4.21.2&#8243; _module_preset=&#8221;default&#8221; custom_margin=&#8221;30px||||false|false&#8221; custom_padding=&#8221;30px||||false|false&#8221; border_color_top=&#8221;#eaeaea&#8221; border_width_bottom=&#8221;2px&#8221; border_color_bottom=&#8221;#eaeaea&#8221; global_colors_info=&#8221;{}&#8221;][et_pb_column type=&#8221;4_4&#8243; _builder_version=&#8221;4.21.0&#8243; _module_preset=&#8221;default&#8221; global_colors_info=&#8221;{}&#8221;][et_pb_text _builder_version=&#8221;4.21.2&#8243; _module_preset=&#8221;default&#8221; header_3_font_size=&#8221;19px&#8221; hover_enabled=&#8221;0&#8243; global_colors_info=&#8221;{}&#8221; sticky_enabled=&#8221;0&#8243;]<\/p>\n<h3>CIALDA DOPPIA MISCELA &#8216;DECAFFEINATO&#8217; 80% ARABICA<br \/>\n<\/h3>\n<p>[\/et_pb_text][et_pb_text _builder_version=&#8221;4.21.2&#8243; _module_preset=&#8221;default&#8221; header_3_font_size=&#8221;19px&#8221; hover_enabled=&#8221;0&#8243; global_colors_info=&#8221;{}&#8221; sticky_enabled=&#8221;0&#8243;]<\/p>\n<p><img decoding=\"async\" class=\"wp-image-225501 alignleft size-full\" src=\"https:\/\/www.labcaffe.com\/wp-content\/uploads\/2023\/08\/398a8bc2e3f7f879ff0986359513be80_S.jpg\" alt=\"\" width=\"200\" height=\"200\" srcset=\"https:\/\/www.labcaffe.com\/wp-content\/uploads\/2023\/08\/398a8bc2e3f7f879ff0986359513be80_S.jpg 200w, https:\/\/www.labcaffe.com\/wp-content\/uploads\/2023\/08\/398a8bc2e3f7f879ff0986359513be80_S-150x150.jpg 150w\" sizes=\"(max-width: 200px) 100vw, 200px\" \/>Caff\u00e8 cremoso dal gusto pieno a basso contenuto di caffeina. Caffeina non superiore allo 0,10% Cialda da 14 gr 0,48 oz.<\/p>\n<p>DISPONIBILE IN<br \/>conf. da 100 pz. Cod. 41D<br \/>kit accessori da 200 pz. Cod. 325K<\/p>\n<p>[\/et_pb_text][\/et_pb_column][\/et_pb_row][et_pb_row _builder_version=&#8221;4.21.2&#8243; _module_preset=&#8221;default&#8221; custom_margin=&#8221;30px||||false|false&#8221; custom_padding=&#8221;30px||||false|false&#8221; border_color_top=&#8221;#eaeaea&#8221; border_width_bottom=&#8221;2px&#8221; border_color_bottom=&#8221;#eaeaea&#8221; global_colors_info=&#8221;{}&#8221;][et_pb_column type=&#8221;4_4&#8243; _builder_version=&#8221;4.21.0&#8243; _module_preset=&#8221;default&#8221; global_colors_info=&#8221;{}&#8221;][et_pb_text _builder_version=&#8221;4.21.2&#8243; _module_preset=&#8221;default&#8221; header_3_font_size=&#8221;19px&#8221; hover_enabled=&#8221;0&#8243; global_colors_info=&#8221;{}&#8221; sticky_enabled=&#8221;0&#8243;]<\/p>\n<h3>COMPATIBILE SENSEO MISCELA 100% ARABICA<br \/>\n<\/h3>\n<p>[\/et_pb_text][et_pb_text _builder_version=&#8221;4.21.2&#8243; _module_preset=&#8221;default&#8221; header_3_font_size=&#8221;19px&#8221; hover_enabled=&#8221;0&#8243; global_colors_info=&#8221;{}&#8221; sticky_enabled=&#8221;0&#8243;]<\/p>\n<p><img decoding=\"async\" class=\"wp-image-225502 alignleft size-full\" src=\"https:\/\/www.labcaffe.com\/wp-content\/uploads\/2023\/08\/780149ddfa09fbd86eb140fe6810d770_S.jpg\" alt=\"\" width=\"200\" height=\"200\" srcset=\"https:\/\/www.labcaffe.com\/wp-content\/uploads\/2023\/08\/780149ddfa09fbd86eb140fe6810d770_S.jpg 200w, https:\/\/www.labcaffe.com\/wp-content\/uploads\/2023\/08\/780149ddfa09fbd86eb140fe6810d770_S-150x150.jpg 150w\" sizes=\"(max-width: 200px) 100vw, 200px\" \/>Un caff\u00e8 dal gusto intenso e pieno, con selezionate qualit\u00e0 di Arabica per un caff\u00e8 dal gusto delicato e dall\u2019aroma inconfondibile.<\/p>\n<p>[\/et_pb_text][\/et_pb_column][\/et_pb_row][et_pb_row _builder_version=&#8221;4.21.2&#8243; _module_preset=&#8221;default&#8221; custom_margin=&#8221;30px||||false|false&#8221; custom_padding=&#8221;30px||||false|false&#8221; border_color_top=&#8221;#eaeaea&#8221; border_width_bottom=&#8221;2px&#8221; border_color_bottom=&#8221;#eaeaea&#8221; global_colors_info=&#8221;{}&#8221;][et_pb_column type=&#8221;4_4&#8243; _builder_version=&#8221;4.21.0&#8243; _module_preset=&#8221;default&#8221; global_colors_info=&#8221;{}&#8221;][et_pb_text _builder_version=&#8221;4.21.2&#8243; _module_preset=&#8221;default&#8221; header_3_font_size=&#8221;19px&#8221; hover_enabled=&#8221;0&#8243; global_colors_info=&#8221;{}&#8221; sticky_enabled=&#8221;0&#8243;]<\/p>\n<h3>COMPATIBILE SENSEO MISCELA CLASSICA<br \/>\n<\/h3>\n<p>[\/et_pb_text][et_pb_text _builder_version=&#8221;4.21.2&#8243; _module_preset=&#8221;default&#8221; header_3_font_size=&#8221;19px&#8221; hover_enabled=&#8221;0&#8243; global_colors_info=&#8221;{}&#8221; sticky_enabled=&#8221;0&#8243;]<\/p>\n<p><img decoding=\"async\" class=\"wp-image-225503 alignleft size-full\" src=\"https:\/\/www.labcaffe.com\/wp-content\/uploads\/2023\/08\/3707d8f2be163bd14c78cf07586f13bb_S.jpg\" alt=\"\" width=\"200\" height=\"200\" srcset=\"https:\/\/www.labcaffe.com\/wp-content\/uploads\/2023\/08\/3707d8f2be163bd14c78cf07586f13bb_S.jpg 200w, https:\/\/www.labcaffe.com\/wp-content\/uploads\/2023\/08\/3707d8f2be163bd14c78cf07586f13bb_S-150x150.jpg 150w\" sizes=\"(max-width: 200px) 100vw, 200px\" \/>Una miscela molto bilanciata, composta con le migliori variet\u00e0 di Arabica e di Robusta, per un risultato in tazza gradevole e aromatico.<\/p>\n<p>[\/et_pb_text][\/et_pb_column][\/et_pb_row][et_pb_row _builder_version=&#8221;4.21.2&#8243; _module_preset=&#8221;default&#8221; custom_margin=&#8221;30px||||false|false&#8221; custom_padding=&#8221;30px||||false|false&#8221; border_color_top=&#8221;#eaeaea&#8221; border_width_bottom=&#8221;2px&#8221; border_color_bottom=&#8221;#eaeaea&#8221; global_colors_info=&#8221;{}&#8221;][et_pb_column type=&#8221;4_4&#8243; _builder_version=&#8221;4.21.0&#8243; _module_preset=&#8221;default&#8221; global_colors_info=&#8221;{}&#8221;][et_pb_text _builder_version=&#8221;4.21.2&#8243; _module_preset=&#8221;default&#8221; header_3_font_size=&#8221;19px&#8221; hover_enabled=&#8221;0&#8243; global_colors_info=&#8221;{}&#8221; sticky_enabled=&#8221;0&#8243;]<\/p>\n<h3>COMPATIBILE SENSEO MISCELA &#8216;DECAFFEINATO&#8217; 80% ARABICA<br \/>\n<\/h3>\n<p>[\/et_pb_text][et_pb_text _builder_version=&#8221;4.21.2&#8243; _module_preset=&#8221;default&#8221; header_3_font_size=&#8221;19px&#8221; hover_enabled=&#8221;0&#8243; global_colors_info=&#8221;{}&#8221; sticky_enabled=&#8221;0&#8243;]<\/p>\n<p><img decoding=\"async\" class=\"wp-image-225504 alignleft size-full\" src=\"https:\/\/www.labcaffe.com\/wp-content\/uploads\/2023\/08\/737344dd8934cc52da9f7f85f2627abb_S.jpg\" alt=\"\" width=\"200\" height=\"200\" srcset=\"https:\/\/www.labcaffe.com\/wp-content\/uploads\/2023\/08\/737344dd8934cc52da9f7f85f2627abb_S.jpg 200w, https:\/\/www.labcaffe.com\/wp-content\/uploads\/2023\/08\/737344dd8934cc52da9f7f85f2627abb_S-150x150.jpg 150w\" sizes=\"(max-width: 200px) 100vw, 200px\" \/>Caff\u00e8 cremoso dal gusto pieno a basso contenuto di caffeina. Caffeina non superiore allo 0,10%<\/p>\n<p>[\/et_pb_text][\/et_pb_column][\/et_pb_row][\/et_pb_section]<\/p>\n","protected":false},"excerpt":{"rendered":"<p>CIALDA 38 MM MISCELA 100% ARABICA Un espresso dal gusto intenso e pieno e dall\u2019aroma inconfondibile, ottenuto dalla miscela della migliori qualit\u00e0 di Arabica. Cialda da 7 gr 0,48 oz. DISPONIBILE INkit da 150 pz. Cod. 611K_38CIALDA 38MM MISCELA CLASSICA Una miscela molto bilanciata, composta con le migliori variet\u00e0 di Arabica e di Robusta, per [&hellip;]<\/p>\n","protected":false},"author":52,"featured_media":0,"parent":226357,"menu_order":0,"comment_status":"closed","ping_status":"closed","template":"","meta":{"_et_pb_use_builder":"on","_et_pb_old_content":"","_et_gb_content_width":"","footnotes":""},"class_list":["post-226441","page","type-page","status-publish","hentry"],"yoast_head":"<!-- This site is optimized with the Yoast SEO plugin v27.3 - https:\/\/yoast.com\/product\/yoast-seo-wordpress\/ -->\n<title>coffee pods - Labcaff\u00e8 - Caff\u00e8 Gioia<\/title>\n<meta name=\"robots\" content=\"index, follow, max-snippet:-1, max-image-preview:large, max-video-preview:-1\" \/>\n<link rel=\"canonical\" href=\"https:\/\/www.labcaffe.com\/en\/our-brands\/gioia\/coffee-pods\" \/>\n<meta property=\"og:locale\" content=\"en_US\" \/>\n<meta property=\"og:type\" content=\"article\" \/>\n<meta property=\"og:title\" content=\"coffee pods - Labcaff\u00e8 - Caff\u00e8 Gioia\" \/>\n<meta property=\"og:description\" content=\"CIALDA 38 MM MISCELA 100% ARABICA Un espresso dal gusto intenso e pieno e dall\u2019aroma inconfondibile, ottenuto dalla miscela della migliori qualit\u00e0 di Arabica. Cialda da 7 gr 0,48 oz. DISPONIBILE INkit da 150 pz. Cod. 611K_38CIALDA 38MM MISCELA CLASSICA Una miscela molto bilanciata, composta con le migliori variet\u00e0 di Arabica e di Robusta, per [&hellip;]\" \/>\n<meta property=\"og:url\" content=\"https:\/\/www.labcaffe.com\/en\/our-brands\/gioia\/coffee-pods\" \/>\n<meta property=\"og:site_name\" content=\"Labcaff\u00e8 - Caff\u00e8 Gioia\" \/>\n<meta property=\"article:modified_time\" content=\"2023-10-31T10:49:50+00:00\" \/>\n<meta property=\"og:image\" content=\"https:\/\/www.labcaffe.com\/wp-content\/uploads\/2023\/08\/267b1948fa84309bc99f9c0289cabe44_S.jpg\" \/>\n<meta name=\"twitter:card\" content=\"summary_large_image\" \/>\n<meta name=\"twitter:label1\" content=\"Est. reading time\" \/>\n\t<meta name=\"twitter:data1\" content=\"5 minutes\" \/>\n<script type=\"application\/ld+json\" class=\"yoast-schema-graph\">{\"@context\":\"https:\\\/\\\/schema.org\",\"@graph\":[{\"@type\":\"WebPage\",\"@id\":\"https:\\\/\\\/www.labcaffe.com\\\/en\\\/our-brands\\\/gioia\\\/coffee-pods\",\"url\":\"https:\\\/\\\/www.labcaffe.com\\\/en\\\/our-brands\\\/gioia\\\/coffee-pods\",\"name\":\"coffee pods - Labcaff\u00e8 - Caff\u00e8 Gioia\",\"isPartOf\":{\"@id\":\"https:\\\/\\\/www.labcaffe.com\\\/en#website\"},\"primaryImageOfPage\":{\"@id\":\"https:\\\/\\\/www.labcaffe.com\\\/en\\\/our-brands\\\/gioia\\\/coffee-pods#primaryimage\"},\"image\":{\"@id\":\"https:\\\/\\\/www.labcaffe.com\\\/en\\\/our-brands\\\/gioia\\\/coffee-pods#primaryimage\"},\"thumbnailUrl\":\"https:\\\/\\\/www.labcaffe.com\\\/wp-content\\\/uploads\\\/2023\\\/08\\\/267b1948fa84309bc99f9c0289cabe44_S.jpg\",\"datePublished\":\"2020-10-23T10:15:36+00:00\",\"dateModified\":\"2023-10-31T10:49:50+00:00\",\"breadcrumb\":{\"@id\":\"https:\\\/\\\/www.labcaffe.com\\\/en\\\/our-brands\\\/gioia\\\/coffee-pods#breadcrumb\"},\"inLanguage\":\"en-US\",\"potentialAction\":[{\"@type\":\"ReadAction\",\"target\":[\"https:\\\/\\\/www.labcaffe.com\\\/en\\\/our-brands\\\/gioia\\\/coffee-pods\"]}]},{\"@type\":\"ImageObject\",\"inLanguage\":\"en-US\",\"@id\":\"https:\\\/\\\/www.labcaffe.com\\\/en\\\/our-brands\\\/gioia\\\/coffee-pods#primaryimage\",\"url\":\"https:\\\/\\\/www.labcaffe.com\\\/wp-content\\\/uploads\\\/2023\\\/08\\\/267b1948fa84309bc99f9c0289cabe44_S.jpg\",\"contentUrl\":\"https:\\\/\\\/www.labcaffe.com\\\/wp-content\\\/uploads\\\/2023\\\/08\\\/267b1948fa84309bc99f9c0289cabe44_S.jpg\"},{\"@type\":\"BreadcrumbList\",\"@id\":\"https:\\\/\\\/www.labcaffe.com\\\/en\\\/our-brands\\\/gioia\\\/coffee-pods#breadcrumb\",\"itemListElement\":[{\"@type\":\"ListItem\",\"position\":1,\"name\":\"Home\",\"item\":\"https:\\\/\\\/www.labcaffe.com\\\/en\"},{\"@type\":\"ListItem\",\"position\":2,\"name\":\"OUR BRANDS\",\"item\":\"https:\\\/\\\/www.labcaffe.com\\\/en\\\/i-marchi\"},{\"@type\":\"ListItem\",\"position\":3,\"name\":\"gioia\",\"item\":\"https:\\\/\\\/www.labcaffe.com\\\/en\\\/our-brands\\\/gioia\"},{\"@type\":\"ListItem\",\"position\":4,\"name\":\"coffee pods\"}]},{\"@type\":\"WebSite\",\"@id\":\"https:\\\/\\\/www.labcaffe.com\\\/en#website\",\"url\":\"https:\\\/\\\/www.labcaffe.com\\\/en\",\"name\":\"Labcaff\u00e8 - Caff\u00e8 Gioia\",\"description\":\"Un nuovo sito targato Euchia\",\"potentialAction\":[{\"@type\":\"SearchAction\",\"target\":{\"@type\":\"EntryPoint\",\"urlTemplate\":\"https:\\\/\\\/www.labcaffe.com\\\/en?s={search_term_string}\"},\"query-input\":{\"@type\":\"PropertyValueSpecification\",\"valueRequired\":true,\"valueName\":\"search_term_string\"}}],\"inLanguage\":\"en-US\"}]}<\/script>\n<!-- \/ Yoast SEO plugin. -->","yoast_head_json":{"title":"coffee pods - Labcaff\u00e8 - Caff\u00e8 Gioia","robots":{"index":"index","follow":"follow","max-snippet":"max-snippet:-1","max-image-preview":"max-image-preview:large","max-video-preview":"max-video-preview:-1"},"canonical":"https:\/\/www.labcaffe.com\/en\/our-brands\/gioia\/coffee-pods","og_locale":"en_US","og_type":"article","og_title":"coffee pods - Labcaff\u00e8 - Caff\u00e8 Gioia","og_description":"CIALDA 38 MM MISCELA 100% ARABICA Un espresso dal gusto intenso e pieno e dall\u2019aroma inconfondibile, ottenuto dalla miscela della migliori qualit\u00e0 di Arabica. Cialda da 7 gr 0,48 oz. DISPONIBILE INkit da 150 pz. Cod. 611K_38CIALDA 38MM MISCELA CLASSICA Una miscela molto bilanciata, composta con le migliori variet\u00e0 di Arabica e di Robusta, per [&hellip;]","og_url":"https:\/\/www.labcaffe.com\/en\/our-brands\/gioia\/coffee-pods","og_site_name":"Labcaff\u00e8 - Caff\u00e8 Gioia","article_modified_time":"2023-10-31T10:49:50+00:00","og_image":[{"url":"https:\/\/www.labcaffe.com\/wp-content\/uploads\/2023\/08\/267b1948fa84309bc99f9c0289cabe44_S.jpg","type":"","width":"","height":""}],"twitter_card":"summary_large_image","twitter_misc":{"Est. reading time":"5 minutes"},"schema":{"@context":"https:\/\/schema.org","@graph":[{"@type":"WebPage","@id":"https:\/\/www.labcaffe.com\/en\/our-brands\/gioia\/coffee-pods","url":"https:\/\/www.labcaffe.com\/en\/our-brands\/gioia\/coffee-pods","name":"coffee pods - Labcaff\u00e8 - Caff\u00e8 Gioia","isPartOf":{"@id":"https:\/\/www.labcaffe.com\/en#website"},"primaryImageOfPage":{"@id":"https:\/\/www.labcaffe.com\/en\/our-brands\/gioia\/coffee-pods#primaryimage"},"image":{"@id":"https:\/\/www.labcaffe.com\/en\/our-brands\/gioia\/coffee-pods#primaryimage"},"thumbnailUrl":"https:\/\/www.labcaffe.com\/wp-content\/uploads\/2023\/08\/267b1948fa84309bc99f9c0289cabe44_S.jpg","datePublished":"2020-10-23T10:15:36+00:00","dateModified":"2023-10-31T10:49:50+00:00","breadcrumb":{"@id":"https:\/\/www.labcaffe.com\/en\/our-brands\/gioia\/coffee-pods#breadcrumb"},"inLanguage":"en-US","potentialAction":[{"@type":"ReadAction","target":["https:\/\/www.labcaffe.com\/en\/our-brands\/gioia\/coffee-pods"]}]},{"@type":"ImageObject","inLanguage":"en-US","@id":"https:\/\/www.labcaffe.com\/en\/our-brands\/gioia\/coffee-pods#primaryimage","url":"https:\/\/www.labcaffe.com\/wp-content\/uploads\/2023\/08\/267b1948fa84309bc99f9c0289cabe44_S.jpg","contentUrl":"https:\/\/www.labcaffe.com\/wp-content\/uploads\/2023\/08\/267b1948fa84309bc99f9c0289cabe44_S.jpg"},{"@type":"BreadcrumbList","@id":"https:\/\/www.labcaffe.com\/en\/our-brands\/gioia\/coffee-pods#breadcrumb","itemListElement":[{"@type":"ListItem","position":1,"name":"Home","item":"https:\/\/www.labcaffe.com\/en"},{"@type":"ListItem","position":2,"name":"OUR BRANDS","item":"https:\/\/www.labcaffe.com\/en\/i-marchi"},{"@type":"ListItem","position":3,"name":"gioia","item":"https:\/\/www.labcaffe.com\/en\/our-brands\/gioia"},{"@type":"ListItem","position":4,"name":"coffee pods"}]},{"@type":"WebSite","@id":"https:\/\/www.labcaffe.com\/en#website","url":"https:\/\/www.labcaffe.com\/en","name":"Labcaff\u00e8 - Caff\u00e8 Gioia","description":"Un nuovo sito targato Euchia","potentialAction":[{"@type":"SearchAction","target":{"@type":"EntryPoint","urlTemplate":"https:\/\/www.labcaffe.com\/en?s={search_term_string}"},"query-input":{"@type":"PropertyValueSpecification","valueRequired":true,"valueName":"search_term_string"}}],"inLanguage":"en-US"}]}},"_links":{"self":[{"href":"https:\/\/www.labcaffe.com\/en\/wp-json\/wp\/v2\/pages\/226441","targetHints":{"allow":["GET"]}}],"collection":[{"href":"https:\/\/www.labcaffe.com\/en\/wp-json\/wp\/v2\/pages"}],"about":[{"href":"https:\/\/www.labcaffe.com\/en\/wp-json\/wp\/v2\/types\/page"}],"author":[{"embeddable":true,"href":"https:\/\/www.labcaffe.com\/en\/wp-json\/wp\/v2\/users\/52"}],"replies":[{"embeddable":true,"href":"https:\/\/www.labcaffe.com\/en\/wp-json\/wp\/v2\/comments?post=226441"}],"version-history":[{"count":2,"href":"https:\/\/www.labcaffe.com\/en\/wp-json\/wp\/v2\/pages\/226441\/revisions"}],"predecessor-version":[{"id":226443,"href":"https:\/\/www.labcaffe.com\/en\/wp-json\/wp\/v2\/pages\/226441\/revisions\/226443"}],"up":[{"embeddable":true,"href":"https:\/\/www.labcaffe.com\/en\/wp-json\/wp\/v2\/pages\/226357"}],"wp:attachment":[{"href":"https:\/\/www.labcaffe.com\/en\/wp-json\/wp\/v2\/media?parent=226441"}],"curies":[{"name":"wp","href":"https:\/\/api.w.org\/{rel}","templated":true}]}}